{"id":2397,"date":"2026-04-13T17:53:02","date_gmt":"2026-04-13T17:53:02","guid":{"rendered":"https:\/\/delfin.it\/?page_id=2397"},"modified":"2026-04-13T17:53:04","modified_gmt":"2026-04-13T17:53:04","slug":"informativa-clienti","status":"publish","type":"page","link":"https:\/\/delfin.it\/en\/informativa-clienti\/","title":{"rendered":"Informativa clienti"},"content":{"rendered":"<p>Ai sensi e per gli effetti dell\u2019art. 13 del Regolamento (UE) 2016\/679 (nel prosieguo \u201cGDPR\u201d), Le forniamo le seguenti informazioni in ordine al trattamento dei Suoi dati personali effettuato nell\u2019ambito del rapporto contrattuale con DELFIN S.R.L.<\/p>\n\n\n\n<p><strong><u>Titolare del trattamento<\/u><\/strong>: \u00e8 DELFIN S.R.L., c.f. e P.Iva 02528290246, con sede in Via Giovanni Keplero, 18, 36034 Malo (VI), in persona del legale rappresentante, mail: <span \n                data-original-string='r55pDnSz28VqR0q1do1cdg==3f7NxNI\/9tLkm8XPIBle2btHQ=='\n                class='apbct-email-encoder'\n                title='This contact has been encoded by Anti-Spam by CleanTalk. Click to decode. To finish the decoding make sure that JavaScript is enabled in your browser.'>in<span class=\"apbct-blur\">**<\/span>@<span class=\"apbct-blur\">****<\/span>in.it<\/span>, pec: <span \n                data-original-string='ypO+l4fsVBwj\/WZISa05YA==3f7rfGTQEKbv\/MBU2XETQTvbVdbvRiz6mcNHmURlMA3vag='\n                class='apbct-email-encoder'\n                title='This contact has been encoded by Anti-Spam by CleanTalk. Click to decode. To finish the decoding make sure that JavaScript is enabled in your browser.'>de<span class=\"apbct-blur\">****<\/span>@<span class=\"apbct-blur\">********<\/span>in.it<\/span>, di seguito <strong>Titolare<\/strong><\/p>\n\n\n\n<p><strong><u>Finalit\u00e0 e base giuridica del trattamento<\/u><\/strong><\/p>\n\n\n\n<p>I dati personali, nonch\u00e9 quelli delle persone fisiche che operano in Suo nome e per Suo conto e\/o nel Suo interesse, saranno trattati per le seguenti finalit\u00e0:<\/p>\n\n\n\n<ul class=\"wp-block-list\">\n<li>gestione del rapporto precontrattuale;<\/li>\n\n\n\n<li>gestione ed esecuzione del contratto;<\/li>\n\n\n\n<li>fornirle assistenza tecnica sui nostri prodotti;<\/li>\n\n\n\n<li>adempimento di obblighi derivanti dalla normativa nazionale, comunitaria, sovranazionale, regionale, regolamentare e\/o da disposizioni impartite da autorit\u00e0 a ci\u00f2 legittimate o da organi di vigilanza e controllo;<\/li>\n\n\n\n<li>interessi legittimi del Titolare del trattamento in sede giudiziaria o in altra sede conformemente ai principi sanciti dalla legge;<\/li>\n<\/ul>\n\n\n\n<p>Tali trattamenti saranno improntati ai principi di correttezza, liceit\u00e0, trasparenza e necessit\u00e0 in modo da tutelare la Sua riservatezza e i Suoi diritti.<\/p>\n\n\n\n<p>La base giuridica su cui fonda il trattamento dei Suoi dati personali nonch\u00e9 delle persone fisiche che operano in Suo nome e per Suo conto e\/o nel Suo interesse \u00e8 costituita:<\/p>\n\n\n\n<ul class=\"wp-block-list\">\n<li>dalla necessit\u00e0 di garantire la corretta gestione ed esecuzione del rapporto precontrattuale e contrattuale;<\/li>\n\n\n\n<li>dalla necessit\u00e0 di garantire l\u2019adempimento degli obblighi previsti dalla legislazione nazionale e comunitaria;<\/li>\n\n\n\n<li>dalla necessit\u00e0 di garantire il perseguimento del legittimo interesse del titolare come indicato sopra.<\/li>\n<\/ul>\n\n\n\n<p>I dati delle persone fisiche che operano in Suo nome e per Suo conto e\/o nel Suo interesse devono intendersi a loro volta raccolti e trattati nel rispetto della normativa vigente.<\/p>\n\n\n\n<p>Qualora il Titolare intenda trattare ulteriormente i dati personali per una finalit\u00e0 diversa da quella per cui essi sono stati raccolti, prima di tale ulteriore trattamento, fornir\u00e0 all&#8217;interessato informazioni in merito a tale diversa finalit\u00e0 e ogni ulteriore informazione pertinente, chiedendoLe il consenso ove necessario<strong>.<\/strong><strong><u><\/u><\/strong><\/p>\n\n\n\n<p><strong><u>Periodo di conservazione dei dati<\/u><\/strong><\/p>\n\n\n\n<p>I Suoi dati personali nonch\u00e9 quelli delle persone fisiche che operano in Suo nome e per Suo conto e\/o nel Suo interesse verranno conservati per il periodo necessario all\u2019esecuzione del contratto e successivamente per l\u2019arco temporale previsto dalle norme di legge, nonch\u00e9 sino al termine di prescrizione di eventuali reciproci diritti.<\/p>\n\n\n\n<p><strong><u>Natura del conferimento dei dati e conseguenze in caso di rifiuto<\/u><\/strong><\/p>\n\n\n\n<p>Il conferimento dei dati \u00e8 obbligatorio per poter adempiere agli obblighi legali e contrattuali e pertanto l&#8217;eventuale rifiuto a fornirli in tutto o in parte pu\u00f2 dar luogo all&#8217;impossibilit\u00e0 di dare esecuzione al contratto.<\/p>\n\n\n\n<p><strong><u>Modalit\u00e0 del trattamento<\/u><\/strong><\/p>\n\n\n\n<p>I Suoi dati personali, nonch\u00e9 quelli delle persone fisiche che operano in Suo nome e per Suo conto e\/o nel Suo interesse, saranno trattati sia con l\u2019utilizzo di strumenti informatici che manualmente, con modalit\u00e0 e strumenti adeguati a garantire la massima sicurezza e riservatezza.<\/p>\n\n\n\n<p><strong><u>Luogo di trattamento<\/u><\/strong><\/p>\n\n\n\n<p>I dati vengono attualmente trattati ed archiviati presso la sede operativa di DELFIN S.R.L. in Via Giovanni Keplero, 18, 36034 Malo (VI).&nbsp;<\/p>\n\n\n\n<p><strong><u>Categorie di destinatari<\/u><\/strong><\/p>\n\n\n\n<p>Per le finalit\u00e0 sopra specificate i Suoi dati personali, nonch\u00e9 quelli delle persone fisiche che operano in Suo nome e per Suo conto e\/o nel Suo interesse, saranno trattati dal personale del Titolare a ci\u00f2 appositamente autorizzato in ragione delle mansioni e secondo i profili attribuiti agli stessi, nonch\u00e9 comunicati:<\/p>\n\n\n\n<ul class=\"wp-block-list\">\n<li>a soggetti pubblici \/ autorit\u00e0 giudiziarie \/ amministrative in ottemperanza di specifici obblighi di legge;<\/li>\n\n\n\n<li>a soggetti privati e\/o a societ\u00e0 partecipate che svolgono attivit\u00e0 e servizi per conto del Titolare designati, se del caso, quali Responsabili esterni del trattamento ai sensi dell\u2019art. 28 del GDPR (quali, a mero titolo esemplificativo e non esaustivo: istituti bancari, commercialista, professionisti legali, societ\u00e0 per la trasmissione di comunicazioni, ecc.);<\/li>\n\n\n\n<li>a enti certificatori laddove necessario.<\/li>\n<\/ul>\n\n\n\n<p>I dati personali non saranno oggetto di diffusione n\u00e9 di processi automatizzati finalizzati alla profilazione.<\/p>\n\n\n\n<p><strong><u>Trasferimento dati verso un paese terzo e\/o un\u2019organizzazione Internazionale&nbsp;<\/u><\/strong><\/p>\n\n\n\n<p>I Suoi dati personali potranno essere trasferiti in paesi terzi non appartenenti all\u2019Unione Europea nel rispetto del capo V del Reg. UE 679\/2016.&nbsp;<\/p>\n\n\n\n<p><strong><u>Diritti degli interessati<\/u><\/strong><\/p>\n\n\n\n<p>I diritti previsti dal Regolamento UE 2016\/679 (artt. 15-21) sono i seguenti: accesso, rettifica, cancellazione o limitazione del trattamento dei dati (se ne ricorrono i presupposti), opposizione al trattamento; portabilit\u00e0 nei casi previsti dal regolamento; revoca consenso.<\/p>\n\n\n\n<p>I diritti di cui sopra potranno essere fatti valere dall\u2019interessato inoltrando apposita domanda al Titolare del trattamento al seguente indirizzo e-mail: <span \n                data-original-string='ooatjgGbvR9229\/l1n0aQg==3f7Jjags4o9U9aOMI3I6r6nFA=='\n                class='apbct-email-encoder'\n                title='This contact has been encoded by Anti-Spam by CleanTalk. Click to decode. To finish the decoding make sure that JavaScript is enabled in your browser.'>in<span class=\"apbct-blur\">**<\/span>@<span class=\"apbct-blur\">****<\/span>in.it<\/span>.<\/p>\n\n\n\n<p>Infine, nel caso in cui l\u2019interessato ritenga che il trattamento che lo riguarda violi il Regolamento UE 2016\/679, quest\u2019ultimo ha diritto di proporre reclamo al Garante per la protezione dei dati personali ex art. 77 GDPR, oppure adire le opportune sedi giudiziarie.<\/p>\n\n\n\n<p>Si precisa che il Garante per la protezione dei dati personali ha sede a Roma, piazza Monte Citorio n. 121; Fax: (+39) 06.69677.3785 Centralino telefonico: (+39) 06.696771; e-mail: <span \n                data-original-string='K5TxhGbdZSfdHGAvy8z3YA==3f7U9C2GKgggayO9aWgmDumFw=='\n                class='apbct-email-encoder'\n                title='This contact has been encoded by Anti-Spam by CleanTalk. Click to decode. To finish the decoding make sure that JavaScript is enabled in your browser.'>ga<span class=\"apbct-blur\">*****<\/span>@<span class=\"apbct-blur\">**<\/span>dp.it<\/span>; posta elettronica certificata: <span \n                data-original-string='hgnriwmlD0N95fKUojfXKw==3f7s1XH188NJhRbhAtInCuECa13SASDJ4yh0s296PxfUOI='\n                class='apbct-email-encoder'\n                title='This contact has been encoded by Anti-Spam by CleanTalk. Click to decode. To finish the decoding make sure that JavaScript is enabled in your browser.'>pr<span class=\"apbct-blur\">********<\/span>@<span class=\"apbct-blur\">******<\/span>dp.it<\/span>.<\/p>","protected":false},"excerpt":{"rendered":"<p>Ai sensi e per gli effetti dell\u2019art. 13 del Regolamento (UE) 2016\/679 (nel prosieguo \u201cGDPR\u201d), Le forniamo le seguenti informazioni in ordine al trattamento dei Suoi dati personali effettuato nell\u2019ambito del rapporto contrattuale con DELFIN S.R.L. Titolare del trattamento: \u00e8 DELFIN S.R.L., c.f. e P.Iva 02528290246, con sede in Via Giovanni Keplero, 18, 36034 Malo [&hellip;]<\/p>\n","protected":false},"author":1,"featured_media":0,"parent":0,"menu_order":0,"comment_status":"closed","ping_status":"closed","template":"","meta":{"_eb_attr":"","footnotes":""},"class_list":["post-2397","page","type-page","status-publish","hentry"],"_links":{"self":[{"href":"https:\/\/delfin.it\/en\/wp-json\/wp\/v2\/pages\/2397","targetHints":{"allow":["GET"]}}],"collection":[{"href":"https:\/\/delfin.it\/en\/wp-json\/wp\/v2\/pages"}],"about":[{"href":"https:\/\/delfin.it\/en\/wp-json\/wp\/v2\/types\/page"}],"author":[{"embeddable":true,"href":"https:\/\/delfin.it\/en\/wp-json\/wp\/v2\/users\/1"}],"replies":[{"embeddable":true,"href":"https:\/\/delfin.it\/en\/wp-json\/wp\/v2\/comments?post=2397"}],"version-history":[{"count":1,"href":"https:\/\/delfin.it\/en\/wp-json\/wp\/v2\/pages\/2397\/revisions"}],"predecessor-version":[{"id":2398,"href":"https:\/\/delfin.it\/en\/wp-json\/wp\/v2\/pages\/2397\/revisions\/2398"}],"wp:attachment":[{"href":"https:\/\/delfin.it\/en\/wp-json\/wp\/v2\/media?parent=2397"}],"curies":[{"name":"wp","href":"https:\/\/api.w.org\/{rel}","templated":true}]}}